{"id":54,"date":"2024-09-17T15:27:47","date_gmt":"2024-09-17T15:27:47","guid":{"rendered":"https:\/\/macaronight.web.uma.pt\/?page_id=54"},"modified":"2025-10-07T09:17:13","modified_gmt":"2025-10-07T09:17:13","slug":"macaronight-v-2024","status":"publish","type":"page","link":"https:\/\/macaronight.web.uma.pt\/","title":{"rendered":"Edi\u00e7\u00f5es Anteriores"},"content":{"rendered":"\n<figure class=\"wp-block-image size-full\"><img loading=\"lazy\" decoding=\"async\" width=\"1600\" height=\"600\" src=\"https:\/\/macaronight.web.uma.pt\/wp-content\/uploads\/2024\/09\/banner2024-2.jpg\" alt=\"\" class=\"wp-image-223\"\/><\/figure>\n\n\n\n<p><\/p>\n\n\n\n<p>Na \u00faltima sexta feira de setembro de 2025, celebrou-se a noite europeia do investigador e por toda a Europa, realizaram-se eventos para homenagear a investiga\u00e7\u00e3o e os investigadores. A Madeira n\u00e3o foi exce\u00e7\u00e3o! No \u00e2mbito do projeto Macaronight, A\u00e7ores, Gran Canaria, Madeira e Tenerife celebram a Noite do Investigador na Macaron\u00e9sia. Na Madeira, a Universidade da Madeira lidera o projeto, tendo como stakeholders a Secretaria Regional de Educa\u00e7\u00e3o, a C\u00e2mara Municipal do Funchal, a Ag\u00eancia Regional para o Desenvolvimento da Investiga\u00e7\u00e3o, Tecnologia e Inova\u00e7\u00e3o \u2013 ARDITI e a StartUp Madeira. Este ano a Noite Europeia dos Investigadores tem como tema as Miss\u00f5es Horizonte Europa, com \u00eanfase nas de particular relev\u00e2ncia para a investiga\u00e7\u00e3o em curso na regi\u00e3o, tais como &#8220;UMA EUROPA RESILIENTE \u00c0S ALTERA\u00c7\u00d5ES CLIM\u00c1TICAS&#8221;, &#8220;RESTAURAR NOSSOS OCEANOS E \u00c1GUAS&#8221; e &#8220;UM ACORDO DE SOLO PARA A EUROPA&#8221;.<\/p>\n\n\n\n<figure class=\"wp-block-embed is-type-rich is-provider-youtube wp-block-embed-youtube\"><div class=\"wp-block-embed__wrapper\">\n<blockquote class=\"embedly-card\" data-card-controls=\"1\" data-card-align=\"center\" data-card-theme=\"light\"><h4><a href=\"https:\/\/www.youtube.com\/watch?v=j2FOO0hDzCE\">Macaronight 2025<\/a><\/h4><p>Macaronight 2025 &#8211; Noite Europeia dos Investigadores da Macaron\u00e9s<\/p><\/blockquote><script async src=\"\/\/cdn.embedly.com\/widgets\/platform.js\" charset=\"UTF-8\"><\/script>\n<\/div><\/figure>\n\n\n\n<div class=\"wp-block-group is-nowrap is-layout-flex wp-container-core-group-is-layout-6c531013 wp-block-group-is-layout-flex\">\n<h2 class=\"wp-block-heading has-text-align-center has-white-color has-text-color has-background has-link-color wp-elements-d7cd6a988d8580092d612b9954a2d2e2 wp-container-content-9cfa9a5a\" style=\"background-color:#202354\">               Edi\u00e7\u00f5es Anteriores<\/h2>\n<\/div>\n\n\n\n<div class=\"wp-block-columns is-layout-flex wp-container-core-columns-is-layout-28f84493 wp-block-columns-is-layout-flex\">\n<div class=\"wp-block-column has-background is-layout-flow wp-block-column-is-layout-flow\" style=\"background-color:#202354;flex-basis:100%\">\n<div class=\"wp-block-cover aligncenter is-light has-custom-content-position is-position-bottom-center hestia-clear-top-padding\" style=\"min-height:329px;aspect-ratio:unset;\"><span aria-hidden=\"true\" class=\"wp-block-cover__background has-white-background-color has-background-dim-0 has-background-dim\"><\/span><div class=\"wp-block-cover__inner-container is-layout-flow wp-block-cover-is-layout-flow\">\n<div class=\"wp-block-columns alignwide container is-layout-flex wp-container-core-columns-is-layout-28f84493 wp-block-columns-is-layout-flex\">\n<div class=\"wp-block-column is-vertically-aligned-top is-layout-flow wp-block-column-is-layout-flow\">\n<figure class=\"wp-block-gallery aligncenter has-nested-images columns-default is-cropped wp-block-gallery-1 is-layout-flex wp-block-gallery-is-layout-flex\">\n<figure class=\"wp-block-image size-full\"><a href=\"https:\/\/itecformadores.wixsite.com\/macaronight2020\" target=\"_blank\" rel=\"noreferrer noopener\"><img loading=\"lazy\" decoding=\"async\" width=\"850\" height=\"850\" data-id=\"271\" src=\"https:\/\/macaronight.web.uma.pt\/wp-content\/uploads\/2024\/09\/2020-4.jpg\" alt=\"\" class=\"wp-image-271\"\/><\/a><\/figure>\n<\/figure>\n\n\n\n<h5 class=\"wp-block-heading has-text-align-center has-text-color\" style=\"color:#3c4858;font-size:18px\"><a href=\"https:\/\/itecformadores.wixsite.com\/macaronight2020\" target=\"_blank\" rel=\"noreferrer noopener\"><mark style=\"background-color:rgba(0, 0, 0, 0)\" class=\"has-inline-color has-white-color\">2020<\/mark><\/a><\/h5>\n\n\n\n<div style=\"height:0px\" aria-hidden=\"true\" class=\"wp-block-spacer\"><\/div>\n<\/div>\n\n\n\n<div class=\"wp-block-column is-vertically-aligned-top is-layout-flow wp-block-column-is-layout-flow\">\n<figure class=\"wp-block-gallery aligncenter has-nested-images columns-default is-cropped wp-block-gallery-2 is-layout-flex wp-block-gallery-is-layout-flex\">\n<figure class=\"wp-block-image size-full\"><a href=\"https:\/\/itecformadores.wixsite.com\/macaronight2021\" target=\"_blank\" rel=\"noreferrer noopener\"><img loading=\"lazy\" decoding=\"async\" width=\"459\" height=\"467\" data-id=\"250\" src=\"https:\/\/macaronight.web.uma.pt\/wp-content\/uploads\/2024\/09\/2021-4.jpg\" alt=\"\" class=\"wp-image-250\"\/><\/a><\/figure>\n<\/figure>\n\n\n\n<h5 class=\"wp-block-heading has-text-align-center has-text-color\" style=\"color:#3c4858;font-size:18px\"><a href=\"https:\/\/itecformadores.wixsite.com\/macaronight2021\" target=\"_blank\" rel=\"noreferrer noopener\"><mark style=\"background-color:rgba(0, 0, 0, 0)\" class=\"has-inline-color has-white-color\">2021<\/mark><\/a><\/h5>\n\n\n\n<div style=\"height:0px\" aria-hidden=\"true\" class=\"wp-block-spacer\"><\/div>\n<\/div>\n\n\n\n<div class=\"wp-block-column is-vertically-aligned-top is-layout-flow wp-block-column-is-layout-flow\"><div class=\"wp-block-image\">\n<figure class=\"aligncenter size-full\"><a href=\"https:\/\/itecformadores.wixsite.com\/macaronight2022\" target=\"_blank\" rel=\"noreferrer noopener\"><img loading=\"lazy\" decoding=\"async\" width=\"1600\" height=\"1600\" src=\"https:\/\/macaronight.web.uma.pt\/wp-content\/uploads\/2024\/09\/2022.jpg\" alt=\"\" class=\"wp-image-246\" style=\"aspect-ratio:1;object-fit:cover\"\/><\/a><\/figure><\/div>\n\n\n<h5 class=\"wp-block-heading has-text-align-center has-text-color\" style=\"color:#3c4858;font-size:18px\"><a href=\"https:\/\/itecformadores.wixsite.com\/macaronight2022\" target=\"_blank\" rel=\"noreferrer noopener\"><mark style=\"background-color:rgba(0, 0, 0, 0)\" class=\"has-inline-color has-white-color\">2022<\/mark><\/a><\/h5>\n\n\n\n<div style=\"height:0px\" aria-hidden=\"true\" class=\"wp-block-spacer\"><\/div>\n<\/div>\n\n\n\n<div class=\"wp-block-column is-layout-flow wp-block-column-is-layout-flow\"><div class=\"wp-block-image\">\n<figure class=\"aligncenter size-full\"><a href=\"https:\/\/itecformadores.wixsite.com\/macaronight2023\" target=\"_blank\" rel=\"noreferrer noopener\"><img loading=\"lazy\" decoding=\"async\" width=\"834\" height=\"834\" src=\"https:\/\/macaronight.web.uma.pt\/wp-content\/uploads\/2024\/09\/2023.jpg\" alt=\"\" class=\"wp-image-245\" style=\"aspect-ratio:1;object-fit:cover\"\/><\/a><\/figure><\/div>\n\n\n<p class=\"has-text-align-center has-text-color\" style=\"color:#3c4858;font-size:18px\"><a href=\"https:\/\/itecformadores.wixsite.com\/macaronight2023\" target=\"_blank\" rel=\"noreferrer noopener\"><mark style=\"background-color:rgba(0, 0, 0, 0)\" class=\"has-inline-color has-white-color\"><strong><\/strong><\/mark><\/a><strong><a href=\"https:\/\/itecformadores.wixsite.com\/macaronight2022\" target=\"_blank\" rel=\"noreferrer noopener\"><mark style=\"background-color:rgba(0, 0, 0, 0)\" class=\"has-inline-color has-white-color\">2023<\/mark><\/a><\/strong><\/p>\n<\/div>\n\n\n\n<div class=\"wp-block-column is-vertically-aligned-top is-layout-flow wp-block-column-is-layout-flow\">\n<figure class=\"wp-block-image size-full\"><img loading=\"lazy\" decoding=\"async\" width=\"526\" height=\"468\" src=\"https:\/\/macaronight.web.uma.pt\/wp-content\/uploads\/2025\/09\/macaronight.png\" alt=\"\" class=\"wp-image-571\" style=\"aspect-ratio:1;object-fit:cover\"\/><\/figure>\n\n\n\n<p class=\"has-text-align-center has-text-color\" style=\"color:#3c4858;font-size:18px\"><a href=\"https:\/\/itecformadores.wixsite.com\/macaronight2023\" target=\"_blank\" rel=\"noreferrer noopener\"><mark style=\"background-color:rgba(0, 0, 0, 0)\" class=\"has-inline-color has-white-color\"><\/mark><\/a><strong><a href=\"https:\/\/macaronight.web.uma.pt\/?page_id=182\" data-type=\"page\" data-id=\"182\" target=\"_blank\" rel=\"noreferrer noopener\"><mark style=\"background-color:rgba(0, 0, 0, 0)\" class=\"has-inline-color has-white-color\">2024<\/mark><\/a><\/strong><\/p>\n<\/div>\n<\/div>\n\n\n\n<figure class=\"wp-block-embed alignfull is-type-rich is-provider-youtube wp-block-embed-youtube\"><div class=\"wp-block-embed__wrapper\">\n<blockquote class=\"embedly-card\" data-card-controls=\"1\" data-card-align=\"center\" data-card-theme=\"light\"><h4><a href=\"https:\/\/youtu.be\/qRVRCBkK2I0?si=zNt0wWUZz_1OPUPm\">Macaronight 2024<\/a><\/h4><p>Noite Europeia dos Investigadores da Macaron\u00e9sia<\/p><\/blockquote><script async src=\"\/\/cdn.embedly.com\/widgets\/platform.js\" charset=\"UTF-8\"><\/script>\n<\/div><\/figure>\n\n\n\n<figure class=\"wp-block-embed alignfull is-type-rich is-provider-youtube wp-block-embed-youtube\"><div class=\"wp-block-embed__wrapper\">\n<blockquote class=\"embedly-card\" data-card-controls=\"1\" data-card-align=\"center\" data-card-theme=\"light\"><h4><a href=\"https:\/\/youtu.be\/olhocR3aXvU\">Macaronight 23<\/a><\/h4><p>Uploaded by Universidade da Madeira on 2024-03-05.<\/p><\/blockquote><script async src=\"\/\/cdn.embedly.com\/widgets\/platform.js\" charset=\"UTF-8\"><\/script>\n<\/div><\/figure>\n\n\n\n<figure class=\"wp-block-embed alignfull is-type-rich is-provider-youtube wp-block-embed-youtube\"><div class=\"wp-block-embed__wrapper\">\n<blockquote class=\"embedly-card\" data-card-controls=\"1\" data-card-align=\"center\" data-card-theme=\"light\"><h4><a href=\"https:\/\/youtu.be\/u-VAngbZsPw?si=reogAs1B14XmGxW5\">Macaronight 2022<\/a><\/h4><p>Macaronesia&#8217;s Researchers&#8217; Night<\/p><\/blockquote><script async src=\"\/\/cdn.embedly.com\/widgets\/platform.js\" charset=\"UTF-8\"><\/script>\n<\/div><\/figure>\n\n\n\n<figure class=\"wp-block-embed alignfull is-type-rich is-provider-youtube wp-block-embed-youtube\"><div class=\"wp-block-embed__wrapper\">\n<blockquote class=\"embedly-card\" data-card-controls=\"1\" data-card-align=\"center\" data-card-theme=\"light\"><h4><a href=\"https:\/\/youtu.be\/4yG8HLlciME?si=aB40lXfozjjU3hx-\">Macaronight 2021<\/a><\/h4><p>Uploaded by Universidade da Madeira on 2021-10-28.<\/p><\/blockquote><script async src=\"\/\/cdn.embedly.com\/widgets\/platform.js\" charset=\"UTF-8\"><\/script>\n<\/div><\/figure>\n\n\n\n<figure class=\"wp-block-embed alignfull is-type-rich is-provider-youtube wp-block-embed-youtube\"><div class=\"wp-block-embed__wrapper\">\n<blockquote class=\"embedly-card\" data-card-controls=\"1\" data-card-align=\"center\" data-card-theme=\"light\"><h4><a href=\"https:\/\/youtu.be\/rjr24g6cRxk?si=degKFwfMvDQifrVh\">Macaronight 2020 MANHA\u0303 &#8211; Parte I<\/a><\/h4><p>Uploaded by Universidade da Madeira on 2020-12-17.<\/p><\/blockquote><script async src=\"\/\/cdn.embedly.com\/widgets\/platform.js\" charset=\"UTF-8\"><\/script>\n<\/div><\/figure>\n\n\n\n<figure class=\"wp-block-embed alignfull is-type-rich is-provider-youtube wp-block-embed-youtube\"><div class=\"wp-block-embed__wrapper\">\n<blockquote class=\"embedly-card\" data-card-controls=\"1\" data-card-align=\"center\" data-card-theme=\"light\"><h4><a href=\"https:\/\/youtu.be\/rjr24g6cRxk?si=5ykNFVj_DMSwgTkl\">Macaronight 2020 MANHA\u0303 &#8211; Parte I<\/a><\/h4><p>Uploaded by Universidade da Madeira on 2020-12-17.<\/p><\/blockquote><script async src=\"\/\/cdn.embedly.com\/widgets\/platform.js\" charset=\"UTF-8\"><\/script>\n<\/div><\/figure>\n\n\n\n<figure class=\"wp-block-embed alignfull is-type-rich is-provider-youtube wp-block-embed-youtube\"><div class=\"wp-block-embed__wrapper\">\n<blockquote class=\"embedly-card\" data-card-controls=\"1\" data-card-align=\"center\" data-card-theme=\"light\"><h4><a href=\"https:\/\/youtu.be\/Ereu-tUMIUQ?si=hUqYF-hScT2vn9X9\">Macaronight 2020 &#8211; TARDE &#8211; Parte III<\/a><\/h4><p>Uploaded by Universidade da Madeira on 2020-12-18.<\/p><\/blockquote><script async src=\"\/\/cdn.embedly.com\/widgets\/platform.js\" charset=\"UTF-8\"><\/script>\n<\/div><\/figure>\n<\/div><\/div>\n<\/div>\n<\/div>\n\n\n\n<div class=\"wp-block-group alignfull has-background-color has-white-color has-text-color has-background has-link-color wp-elements-68fb0f71824b9128cdb2d3c49d11b186 is-vertical is-content-justification-stretch is-layout-flex wp-container-core-group-is-layout-48a3dbfb wp-block-group-is-layout-flex\" style=\"background-color:#202354;min-height:40vh;margin-top:0;margin-bottom:0;padding-top:var(--wp--preset--spacing--60);padding-right:var(--wp--preset--spacing--40);padding-bottom:var(--wp--preset--spacing--60);padding-left:var(--wp--preset--spacing--40)\">\n<h3 class=\"wp-block-heading\"><strong><mark style=\"background-color:rgba(0, 0, 0, 0)\" class=\"has-inline-color has-white-color\">Cons\u00f3rcio<\/mark><\/strong><\/h3>\n\n\n\n<figure class=\"wp-block-image size-full\"><img loading=\"lazy\" decoding=\"async\" width=\"1600\" height=\"222\" src=\"https:\/\/macaronight.web.uma.pt\/wp-content\/uploads\/2024\/09\/rodape.jpg\" alt=\"\" class=\"wp-image-225\"\/><\/figure>\n\n\n\n<p><\/p>\n\n\n\n<h3 class=\"wp-block-heading has-text-align-left\"><strong><mark style=\"background-color:rgba(0, 0, 0, 0)\" class=\"has-inline-color has-white-color\">Stakeholders<\/mark><\/strong><\/h3>\n\n\n\n<figure class=\"wp-block-image size-full\"><img loading=\"lazy\" decoding=\"async\" width=\"1556\" height=\"200\" src=\"https:\/\/macaronight.web.uma.pt\/wp-content\/uploads\/2024\/09\/Captura-de-ecra-2024-09-17-153605.png\" alt=\"\" class=\"wp-image-94\"\/><\/figure>\n\n\n\n<p><\/p>\n\n\n\n<p><\/p>\n\n\n\n<div class=\"wp-block-group alignwide is-content-justification-center is-layout-flex wp-container-core-group-is-layout-c124d1c4 wp-block-group-is-layout-flex\">\n<p class=\"has-text-align-center has-small-font-size\"> Proudly powered by <a rel=\"nofollow\" href=\"https:\/\/wordpress.org\">WordPress<\/a> <\/p>\n<\/div>\n<\/div>\n","protected":false},"excerpt":{"rendered":"<p>Na \u00faltima sexta feira de setembro de 2025, celebrou-se a noite europeia do investigador e por toda a Europa, realizaram-se eventos para homenagear a investiga\u00e7\u00e3o e os investigadores. A Madeira n\u00e3o foi exce\u00e7\u00e3o! No \u00e2mbito do projeto Macaronight, A\u00e7ores, Gran Canaria, Madeira e Tenerife celebram a Noite do Investigador na [&hellip;]<\/p>\n","protected":false},"author":3,"featured_media":0,"parent":0,"menu_order":0,"comment_status":"closed","ping_status":"closed","template":"","meta":{"footnotes":""},"class_list":["post-54","page","type-page","status-publish","hentry"],"_links":{"self":[{"href":"https:\/\/macaronight.web.uma.pt\/index.php?rest_route=\/wp\/v2\/pages\/54","targetHints":{"allow":["GET"]}}],"collection":[{"href":"https:\/\/macaronight.web.uma.pt\/index.php?rest_route=\/wp\/v2\/pages"}],"about":[{"href":"https:\/\/macaronight.web.uma.pt\/index.php?rest_route=\/wp\/v2\/types\/page"}],"author":[{"embeddable":true,"href":"https:\/\/macaronight.web.uma.pt\/index.php?rest_route=\/wp\/v2\/users\/3"}],"replies":[{"embeddable":true,"href":"https:\/\/macaronight.web.uma.pt\/index.php?rest_route=%2Fwp%2Fv2%2Fcomments&post=54"}],"version-history":[{"count":142,"href":"https:\/\/macaronight.web.uma.pt\/index.php?rest_route=\/wp\/v2\/pages\/54\/revisions"}],"predecessor-version":[{"id":613,"href":"https:\/\/macaronight.web.uma.pt\/index.php?rest_route=\/wp\/v2\/pages\/54\/revisions\/613"}],"wp:attachment":[{"href":"https:\/\/macaronight.web.uma.pt\/index.php?rest_route=%2Fwp%2Fv2%2Fmedia&parent=54"}],"curies":[{"name":"wp","href":"https:\/\/api.w.org\/{rel}","templated":true}]}}